{"id":2,"date":"2016-05-10T03:48:21","date_gmt":"2016-05-10T03:48:21","guid":{"rendered":"http:\/\/walsroder-sommer.de\/?page_id=2"},"modified":"2025-05-05T11:51:01","modified_gmt":"2025-05-05T11:51:01","slug":"sample-page","status":"publish","type":"page","link":"https:\/\/walsroder-sommer.de\/","title":{"rendered":"Walsroder Sommer 2025"},"content":{"rendered":"\n<div id=\"inhalt_text\">\n<p>Sch\u00f6n, dass Sie sich \u00fcber die zahlreichen Events in und um Walsrode informieren m\u00f6chten. Auf diesen Seiten finden Sie ab Mai wieder eine umfangreiche, wenn auch nicht vollst\u00e4ndige Zusammenfassung der Termine der wichtigsten Veranstaltungen des <strong>Sommers 2025 in Walsrode und seinen Ortschaften.<\/strong><\/p>\n<p>In unserem Walsroder Sommer Kalender listen wir \u00fcber <strong>80 Termine<\/strong> auf, die sowohl f\u00fcr Einheimische als auch f\u00fcr Touristen f\u00fcr unterhaltsame Sommertage garantieren. So z. B. diverse Konzertveranstaltungen, Sonderaktionen im WeltVogelPark, Ausstellungen, Kino-Highlights im Capitol Theater, Sch\u00fctzenfeste, diverse Erntefeste und nicht zuletzt regionale H\u00f6hepunkte, wie etwa der Walsroder Mittwoch (<a title=\"Walsroder Mittwoch\" href=\"http:\/\/walsroder-mittwoch.de\" target=\"new\" rel=\"noopener\">www.walsroder-mittwoch.de<\/a>), das Brinkfest in Hodenhagen, das Ginsengfest in Bockhorn, den D\u00fcshorner Flohmarkt oder den Boitzer Markt.<\/p>\n<p>Sie k\u00f6nnen sich den Kalender 2025 hier auch als PDF herunterladen:<br>\n(<a title=\"https:\/\/walsroder-sommer.de\/Walsroder-Sommer2024.pdf\" href=\"https:\/\/walsroder-sommer.de\/Walsroder-Sommer2025.pdf\" target=\"new\" rel=\"noopener\">https:\/\/walsroder-sommer.de\/Walsroder-Sommer2024.pdf<\/a>)<\/p>\n<p>In bereits gedruckter Form im praktischen Walsroder Westentaschenformat erhalten Sie den Kalender ab Anfang Mai in vielen Gesch\u00e4ften, Hotels und der \u00f6rtlichen Gastronomie Walsrodes und seiner Ortschaften.<\/p>\n<p>Viel Spa\u00df beim St\u00f6bern&#8230;<\/p>\n<\/div>\n\n\n\n<div class=\"wp-block-buttons is-content-justification-center is-layout-flex wp-container-core-buttons-is-layout-1 wp-block-buttons-is-layout-flex\">\n<div class=\"wp-block-button\"><a class=\"wp-block-button__link wp-element-button\" href=\"https:\/\/walsroder-sommer.de\/Walsroder-Sommer2025.pdf\">Download Kalender PDF<\/a><\/div>\n<\/div>\n\n\n\n<div style=\"height:100px\" aria-hidden=\"true\" class=\"wp-block-spacer\"><\/div>\n\n\n\n<figure class=\"wp-block-gallery has-nested-images columns-default is-cropped wp-block-gallery-1 is-layout-flex wp-block-gallery-is-layout-flex\">\n<figure class=\"wp-block-image size-full\"><img loading=\"lazy\" decoding=\"async\" width=\"248\" height=\"577\" data-id=\"393\" src=\"https:\/\/walsroder-sommer.de\/wp-content\/uploads\/2023\/04\/heidewerk-web.gif\" alt=\"\" class=\"wp-image-393\"\/><figcaption class=\"wp-element-caption\">sdif jlksdjf<\/figcaption><\/figure>\n\n\n\n<figure class=\"wp-block-image size-full\"><img loading=\"lazy\" decoding=\"async\" width=\"248\" height=\"577\" data-id=\"393\" src=\"https:\/\/walsroder-sommer.de\/wp-content\/uploads\/2023\/04\/heidewerk-web.gif\" alt=\"\" class=\"wp-image-393\"\/><figcaption class=\"wp-element-caption\">sdif jlksdjf<\/figcaption><\/figure>\n\n\n\n<figure class=\"wp-block-image size-large\"><img loading=\"lazy\" decoding=\"async\" width=\"248\" height=\"577\" data-id=\"393\" src=\"https:\/\/walsroder-sommer.de\/wp-content\/uploads\/2023\/04\/heidewerk-web.gif\" alt=\"\" class=\"wp-image-393\"\/><figcaption class=\"wp-element-caption\">sdif jlksdjf<\/figcaption><\/figure>\n<\/figure>\n","protected":false},"excerpt":{"rendered":"<p>Sch\u00f6n, dass Sie sich \u00fcber die zahlreichen Events in und um Walsrode informieren m\u00f6chten. Auf diesen Seiten finden Sie ab Mai wieder eine umfangreiche, wenn auch nicht vollst\u00e4ndige Zusammenfassung der Termine der wichtigsten Veranstaltungen des Sommers 2025 in Walsrode und seinen Ortschaften. In unserem Walsroder Sommer Kalender listen wir \u00fcber 80 Termine auf, die sowohl &hellip; <a href=\"https:\/\/walsroder-sommer.de\/\" class=\"more-link\"><span class=\"screen-reader-text\">Walsroder Sommer 2025<\/span> weiterlesen<\/a><\/p>\n","protected":false},"author":1,"featured_media":0,"parent":0,"menu_order":0,"comment_status":"closed","ping_status":"open","template":"","meta":{"_mi_skip_tracking":false,"_monsterinsights_sitenote_active":false,"_monsterinsights_sitenote_note":"","_monsterinsights_sitenote_category":0,"footnotes":""},"_links":{"self":[{"href":"https:\/\/walsroder-sommer.de\/index.php?rest_route=\/wp\/v2\/pages\/2"}],"collection":[{"href":"https:\/\/walsroder-sommer.de\/index.php?rest_route=\/wp\/v2\/pages"}],"about":[{"href":"https:\/\/walsroder-sommer.de\/index.php?rest_route=\/wp\/v2\/types\/page"}],"author":[{"embeddable":true,"href":"https:\/\/walsroder-sommer.de\/index.php?rest_route=\/wp\/v2\/users\/1"}],"replies":[{"embeddable":true,"href":"https:\/\/walsroder-sommer.de\/index.php?rest_route=%2Fwp%2Fv2%2Fcomments&post=2"}],"version-history":[{"count":30,"href":"https:\/\/walsroder-sommer.de\/index.php?rest_route=\/wp\/v2\/pages\/2\/revisions"}],"predecessor-version":[{"id":528,"href":"https:\/\/walsroder-sommer.de\/index.php?rest_route=\/wp\/v2\/pages\/2\/revisions\/528"}],"wp:attachment":[{"href":"https:\/\/walsroder-sommer.de\/index.php?rest_route=%2Fwp%2Fv2%2Fmedia&parent=2"}],"curies":[{"name":"wp","href":"https:\/\/api.w.org\/{rel}","templated":true}]}}