{"id":123,"date":"2017-05-18T20:13:59","date_gmt":"2017-05-18T20:13:59","guid":{"rendered":"http:\/\/walsroder-sommer.de\/?page_id=123"},"modified":"2017-05-18T20:14:10","modified_gmt":"2017-05-18T20:14:10","slug":"impressum","status":"publish","type":"page","link":"https:\/\/walsroder-sommer.de\/?page_id=123","title":{"rendered":"Impressum"},"content":{"rendered":"<div id=\"inhalt_text\">\n<p>Inhaltlich verantwortlich und Herausgeber des Walsroder Sommer Kalenders:<\/p>\n<p>F\u00f6rderverein Stadtmarketing Walsrode e.V.<br \/>\nAlbrecht-Thaer-Str.10 \u2022 29664 Walsrode<br \/>\nTel.: 0175 &#8211; 7362756<br \/>\nE-Mail: vorstand@stadtmarketing-walsrode.info<br \/>\nDer Verein ist eingetragen beim Amtsgericht Walsrode<\/p>\n<p>Realisierung im Auftrag des F\u00f6rderverein Stadtmarketing Walsrode e.V.:<\/p>\n<p>Bartling Media GmbH Werbeagentur<br \/>\nSaarstr. 5<br \/>\n29664 Walsrode<br \/>\ninfo@bartlingmedia.de<br \/>\n<strong>\u00a0<\/strong><\/p>\n<p><strong>Haftungshinweise<\/strong><\/p>\n<p>Alle in unseren Internetseiten enthaltenen Angaben und Informationen wurden sorgf\u00e4ltig vom Stadtmarketing Walsrode recherchiert und gepr\u00fcft. Trotz aller Sorgfalt kann der F\u00f6rderverein Stadtmarketing Walsrode e.V. und die Werbeagentur Bartling Media GmbH f\u00fcr die Richtigkeit, Vollst\u00e4ndigkeit und Aktualit\u00e4t keine Gew\u00e4hr \u00fcbernehmen.<br \/>\nKommunikation via E-Mail kann Sicherheitsl\u00fccken aufweisen. Beispielsweise k\u00f6nnen E-Mails auf ihrem Weg an die Mitarbeiter unseres Hauses von versierten Internet-Nutzern aufgehalten und eingesehen werden. Sollten wir eine E-Mail von Ihnen erhalten, so gehen wir davon aus, dass wir zu einer Beantwortung per E-Mail berechtigt sind. Ansonsten m\u00fcssen Sie ausdr\u00fccklich auf eine andere Art der Kommunikation verweisen.<\/p>\n<p>Nutzungsrecht an den Inhalten<br \/>\nDiese Webseiten unterliegen urheber-, marken- und wettbewerbsrechtlichen Schutzrechten. Eine Vervielf\u00e4ltigung, Verbreitung, Bereithaltung zum Abruf oder zur Online-Zug\u00e4nglichmachung (\u00dcbernahme in andere Webseiten) unserer Webseiten, des Layouts der Webseiten, ihrer Inhalte (Texte, Bilder, Programme) ganz oder teilweise, in ver\u00e4nderter oder unver\u00e4nderter Form ist nur nach vorheriger schriftlicher Zustimmung zul\u00e4ssig. Lediglich die nichtkommerzielle private Nutzung ist in den Grenzen des Urheberrechtsgesetzes zul\u00e4ssig.<br \/>\n\u00a9 2014<\/p>\n<p>Links und Frames<br \/>\nDer Inhalt externer Webseiten Dritter, auf die aus diesem Webangebot heraus verwiesen wird, unterliegt nicht unserem Einfluss. Wir k\u00f6nnen deshalb f\u00fcr diese fremden Inhalte auch keine Gew\u00e4hr \u00fcbernehmen. F\u00fcr die Inhalte der verlinkten Seiten ist stets der jeweilige Anbieter oder Betreiber dieser Seiten verantwortlich, dies gilt insbesondere f\u00fcr \u00c4nderungen der verlinkten Seiten, die nach dem Setzen des Links erfolgt sind. Die verlinkten Seiten wurden zum Zeitpunkt der Verlinkung auf m\u00f6gliche und erkennbare Rechtsverst\u00f6\u00dfe \u00fcberpr\u00fcft. Rechtswidrige Inhalte waren f\u00fcr uns zu diesem Zeitpunkt nicht erkennbar. Wir werden die Links auf Seiten umgehend entfernen, sobald uns konkrete Anhaltspunkte f\u00fcr Rechtsverletzungen auf den verlinkten Seiten bekannt werden.<\/p>\n<\/div>\n","protected":false},"excerpt":{"rendered":"<p>Inhaltlich verantwortlich und Herausgeber des Walsroder Sommer Kalenders: F\u00f6rderverein Stadtmarketing Walsrode e.V. Albrecht-Thaer-Str.10 \u2022 29664 Walsrode Tel.: 0175 &#8211; 7362756 E-Mail: vorstand@stadtmarketing-walsrode.info Der Verein ist eingetragen beim Amtsgericht Walsrode Realisierung im Auftrag des F\u00f6rderverein Stadtmarketing Walsrode e.V.: Bartling Media GmbH Werbeagentur Saarstr. 5 29664 Walsrode info@bartlingmedia.de \u00a0 Haftungshinweise Alle in unseren Internetseiten enthaltenen Angaben und &hellip; <a href=\"https:\/\/walsroder-sommer.de\/?page_id=123\" class=\"more-link\"><span class=\"screen-reader-text\">Impressum<\/span> weiterlesen<\/a><\/p>\n","protected":false},"author":2,"featured_media":0,"parent":0,"menu_order":0,"comment_status":"closed","ping_status":"closed","template":"","meta":{"_mi_skip_tracking":false,"_monsterinsights_sitenote_active":false,"_monsterinsights_sitenote_note":"","_monsterinsights_sitenote_category":0,"footnotes":""},"_links":{"self":[{"href":"https:\/\/walsroder-sommer.de\/index.php?rest_route=\/wp\/v2\/pages\/123"}],"collection":[{"href":"https:\/\/walsroder-sommer.de\/index.php?rest_route=\/wp\/v2\/pages"}],"about":[{"href":"https:\/\/walsroder-sommer.de\/index.php?rest_route=\/wp\/v2\/types\/page"}],"author":[{"embeddable":true,"href":"https:\/\/walsroder-sommer.de\/index.php?rest_route=\/wp\/v2\/users\/2"}],"replies":[{"embeddable":true,"href":"https:\/\/walsroder-sommer.de\/index.php?rest_route=%2Fwp%2Fv2%2Fcomments&post=123"}],"version-history":[{"count":2,"href":"https:\/\/walsroder-sommer.de\/index.php?rest_route=\/wp\/v2\/pages\/123\/revisions"}],"predecessor-version":[{"id":126,"href":"https:\/\/walsroder-sommer.de\/index.php?rest_route=\/wp\/v2\/pages\/123\/revisions\/126"}],"wp:attachment":[{"href":"https:\/\/walsroder-sommer.de\/index.php?rest_route=%2Fwp%2Fv2%2Fmedia&parent=123"}],"curies":[{"name":"wp","href":"https:\/\/api.w.org\/{rel}","templated":true}]}}